{"id":532,"date":"2025-04-15T15:35:12","date_gmt":"2025-04-15T13:35:12","guid":{"rendered":"http:\/\/localhost:8888\/wordpress\/?page_id=532"},"modified":"2025-08-26T19:20:43","modified_gmt":"2025-08-26T17:20:43","slug":"contact","status":"publish","type":"page","link":"https:\/\/toussitrail.fr\/index.php\/contact\/","title":{"rendered":"Contact"},"content":{"rendered":"\t\t<div data-elementor-type=\"wp-page\" data-elementor-id=\"532\" class=\"elementor elementor-532\" data-elementor-post-type=\"page\">\n\t\t\t\t<div class=\"elementor-element elementor-element-b1a77ff e-flex e-con-boxed e-con e-parent\" data-id=\"b1a77ff\" data-element_type=\"container\" data-e-type=\"container\">\n\t\t\t\t\t<div class=\"e-con-inner\">\n\t\t\t\t<div class=\"elementor-element elementor-element-35f574b elementor-widget elementor-widget-spacer\" data-id=\"35f574b\" data-element_type=\"widget\" data-e-type=\"widget\" data-widget_type=\"spacer.default\">\n\t\t\t\t<div class=\"elementor-widget-container\">\n\t\t\t\t\t\t\t<div class=\"elementor-spacer\">\n\t\t\t<div class=\"elementor-spacer-inner\"><\/div>\n\t\t<\/div>\n\t\t\t\t\t\t<\/div>\n\t\t\t\t<\/div>\n\t\t\t\t<div class=\"elementor-element elementor-element-da96832 elementor-widget elementor-widget-heading\" data-id=\"da96832\" data-element_type=\"widget\" data-e-type=\"widget\" data-widget_type=\"heading.default\">\n\t\t\t\t<div class=\"elementor-widget-container\">\n\t\t\t\t\t<h2 class=\"elementor-heading-title elementor-size-default\">Contact<\/h2>\t\t\t\t<\/div>\n\t\t\t\t<\/div>\n\t\t\t\t<div class=\"elementor-element elementor-element-37317b0 elementor-widget elementor-widget-text-editor\" data-id=\"37317b0\" data-element_type=\"widget\" data-e-type=\"widget\" data-widget_type=\"text-editor.default\">\n\t\t\t\t<div class=\"elementor-widget-container\">\n\t\t\t\t\t\t\t\t\t<p style=\"text-align: center;\">Nous sommes \u00e0 votre \u00e9coute<\/p>\t\t\t\t\t\t\t\t<\/div>\n\t\t\t\t<\/div>\n\t\t\t\t<div class=\"elementor-element elementor-element-588f2ec elementor-button-align-stretch elementor-widget elementor-widget-form\" data-id=\"588f2ec\" data-element_type=\"widget\" data-e-type=\"widget\" data-settings=\"{&quot;step_next_label&quot;:&quot;Suivant&quot;,&quot;step_previous_label&quot;:&quot;Pr\\u00e9c\\u00e9dent&quot;,&quot;button_width&quot;:&quot;100&quot;,&quot;step_type&quot;:&quot;number_text&quot;,&quot;step_icon_shape&quot;:&quot;circle&quot;}\" data-widget_type=\"form.default\">\n\t\t\t\t<div class=\"elementor-widget-container\">\n\t\t\t\t\t\t\t<form class=\"elementor-form\" method=\"post\" name=\"Formulaire contact\">\n\t\t\t<input type=\"hidden\" name=\"post_id\" value=\"532\"\/>\n\t\t\t<input type=\"hidden\" name=\"form_id\" value=\"588f2ec\"\/>\n\t\t\t<input type=\"hidden\" name=\"referer_title\" value=\"Contact - TSL\" \/>\n\n\t\t\t\t\t\t\t<input type=\"hidden\" name=\"queried_id\" value=\"532\"\/>\n\t\t\t\n\t\t\t<div class=\"elementor-form-fields-wrapper elementor-labels-above\">\n\t\t\t\t\t\t\t\t<div class=\"elementor-field-type-text elementor-field-group elementor-column elementor-field-group-name elementor-col-50 elementor-field-required\">\n\t\t\t\t\t\t\t\t\t\t\t\t<label for=\"form-field-name\" class=\"elementor-field-label\">\n\t\t\t\t\t\t\t\tNom\t\t\t\t\t\t\t<\/label>\n\t\t\t\t\t\t\t\t\t\t\t\t\t\t<input size=\"1\" type=\"text\" name=\"form_fields[name]\" id=\"form-field-name\" class=\"elementor-field elementor-size-sm  elementor-field-textual\" placeholder=\"Nom\" required=\"required\">\n\t\t\t\t\t\t\t\t\t\t\t<\/div>\n\t\t\t\t\t\t\t\t<div class=\"elementor-field-type-text elementor-field-group elementor-column elementor-field-group-field_ab60ae3 elementor-col-50 elementor-field-required\">\n\t\t\t\t\t\t\t\t\t\t\t\t<label for=\"form-field-field_ab60ae3\" class=\"elementor-field-label\">\n\t\t\t\t\t\t\t\tPr\u00e9nom\t\t\t\t\t\t\t<\/label>\n\t\t\t\t\t\t\t\t\t\t\t\t\t\t<input size=\"1\" type=\"text\" name=\"form_fields[field_ab60ae3]\" id=\"form-field-field_ab60ae3\" class=\"elementor-field elementor-size-sm  elementor-field-textual\" placeholder=\"Pr\u00e9nom\" required=\"required\">\n\t\t\t\t\t\t\t\t\t\t\t<\/div>\n\t\t\t\t\t\t\t\t<div class=\"elementor-field-type-email elementor-field-group elementor-column elementor-field-group-email elementor-col-50 elementor-field-required\">\n\t\t\t\t\t\t\t\t\t\t\t\t<label for=\"form-field-email\" class=\"elementor-field-label\">\n\t\t\t\t\t\t\t\tE-mail\t\t\t\t\t\t\t<\/label>\n\t\t\t\t\t\t\t\t\t\t\t\t\t\t<input size=\"1\" type=\"email\" name=\"form_fields[email]\" id=\"form-field-email\" class=\"elementor-field elementor-size-sm  elementor-field-textual\" placeholder=\"E-mail\" required=\"required\">\n\t\t\t\t\t\t\t\t\t\t\t<\/div>\n\t\t\t\t\t\t\t\t<div class=\"elementor-field-type-tel elementor-field-group elementor-column elementor-field-group-field_56e2123 elementor-col-50 elementor-field-required\">\n\t\t\t\t\t\t\t\t\t\t\t\t<label for=\"form-field-field_56e2123\" class=\"elementor-field-label\">\n\t\t\t\t\t\t\t\tT\u00e9l\u00e9phone\t\t\t\t\t\t\t<\/label>\n\t\t\t\t\t\t\t\t<input size=\"1\" type=\"tel\" name=\"form_fields[field_56e2123]\" id=\"form-field-field_56e2123\" class=\"elementor-field elementor-size-sm  elementor-field-textual\" placeholder=\"T\u00e9l\u00e9phone\" required=\"required\" pattern=\"[0-9()#&amp;+*-=.]+\" title=\"Seuls les caract\u00e8res de num\u00e9ros de t\u00e9l\u00e9phone (#, -, *, etc.) sont accept\u00e9s.\">\n\n\t\t\t\t\t\t<\/div>\n\t\t\t\t\t\t\t\t<div class=\"elementor-field-type-textarea elementor-field-group elementor-column elementor-field-group-message elementor-col-100 elementor-field-required\">\n\t\t\t\t\t\t\t\t\t\t\t\t<label for=\"form-field-message\" class=\"elementor-field-label\">\n\t\t\t\t\t\t\t\tMessage\t\t\t\t\t\t\t<\/label>\n\t\t\t\t\t\t<textarea class=\"elementor-field-textual elementor-field  elementor-size-sm\" name=\"form_fields[message]\" id=\"form-field-message\" rows=\"4\" placeholder=\"Message\" required=\"required\"><\/textarea>\t\t\t\t<\/div>\n\t\t\t\t\t\t\t\t<div class=\"elementor-field-group elementor-column elementor-field-type-submit elementor-col-100 e-form__buttons\">\n\t\t\t\t\t<button class=\"elementor-button elementor-size-sm\" type=\"submit\">\n\t\t\t\t\t\t<span class=\"elementor-button-content-wrapper\">\n\t\t\t\t\t\t\t\t\t\t\t\t\t\t\t\t\t\t\t\t\t\t<span class=\"elementor-button-text\">Envoyer<\/span>\n\t\t\t\t\t\t\t\t\t\t\t\t\t<\/span>\n\t\t\t\t\t<\/button>\n\t\t\t\t<\/div>\n\t\t\t<\/div>\n\t\t<\/form>\n\t\t\t\t\t\t<\/div>\n\t\t\t\t<\/div>\n\t\t\t\t\t<\/div>\n\t\t\t\t<\/div>\n\t\t<div class=\"elementor-element elementor-element-abd51bf e-flex e-con-boxed e-con e-parent\" data-id=\"abd51bf\" data-element_type=\"container\" data-e-type=\"container\">\n\t\t\t\t\t<div class=\"e-con-inner\">\n\t\t\t\t<div class=\"elementor-element elementor-element-fc27035 elementor-widget elementor-widget-google_maps\" data-id=\"fc27035\" data-element_type=\"widget\" data-e-type=\"widget\" data-widget_type=\"google_maps.default\">\n\t\t\t\t<div class=\"elementor-widget-container\">\n\t\t\t\t\t\t\t<div class=\"elementor-custom-embed\">\n\t\t\t<iframe loading=\"lazy\"\n\t\t\t\t\tsrc=\"https:\/\/maps.google.com\/maps?q=Terrain%20de%20loisirs%20Toussieux&#038;t=m&#038;z=10&#038;output=embed&#038;iwloc=near\"\n\t\t\t\t\ttitle=\"Terrain de loisirs Toussieux\"\n\t\t\t\t\taria-label=\"Terrain de loisirs Toussieux\"\n\t\t\t><\/iframe>\n\t\t<\/div>\n\t\t\t\t\t\t<\/div>\n\t\t\t\t<\/div>\n\t\t\t\t\t<\/div>\n\t\t\t\t<\/div>\n\t\t\t\t<\/div>\n\t\t","protected":false},"excerpt":{"rendered":"<p>Contactez Toussieux Sports et Loisirs<\/p>\n","protected":false},"author":1,"featured_media":853,"parent":0,"menu_order":0,"comment_status":"closed","ping_status":"closed","template":"","meta":{"footnotes":""},"class_list":["post-532","page","type-page","status-publish","has-post-thumbnail","hentry"],"yoast_head":"<!-- This site is optimized with the Yoast SEO plugin v27.5 - https:\/\/yoast.com\/product\/yoast-seo-wordpress\/ -->\n<title>Contact - TSL<\/title>\n<meta name=\"description\" content=\"Contactez Toussieux Sports et Loisirs pour toute information : inscription course, devenir b\u00e9n\u00e9vole, suggestion...\" \/>\n<meta name=\"robots\" content=\"index, follow, max-snippet:-1, max-image-preview:large, max-video-preview:-1\" \/>\n<link rel=\"canonical\" href=\"https:\/\/toussitrail.fr\/index.php\/contact\/\" \/>\n<meta property=\"og:locale\" content=\"fr_FR\" \/>\n<meta property=\"og:type\" content=\"article\" \/>\n<meta property=\"og:title\" content=\"Contact - TSL\" \/>\n<meta property=\"og:description\" content=\"Contactez Toussieux Sports et Loisirs pour toute information : inscription course, devenir b\u00e9n\u00e9vole, suggestion...\" \/>\n<meta property=\"og:url\" content=\"https:\/\/toussitrail.fr\/index.php\/contact\/\" \/>\n<meta property=\"og:site_name\" content=\"TSL\" \/>\n<meta property=\"article:publisher\" content=\"https:\/\/www.facebook.com\/toussitrail\/?locale=fr_FR\" \/>\n<meta property=\"article:modified_time\" content=\"2025-08-26T17:20:43+00:00\" \/>\n<meta property=\"og:image\" content=\"https:\/\/toussitrail.fr\/wp-content\/uploads\/2025\/05\/toussitrail_logo_v2_couleur.png\" \/>\n\t<meta property=\"og:image:width\" content=\"355\" \/>\n\t<meta property=\"og:image:height\" content=\"374\" \/>\n\t<meta property=\"og:image:type\" content=\"image\/png\" \/>\n<meta name=\"twitter:card\" content=\"summary_large_image\" \/>\n<meta name=\"twitter:label1\" content=\"Dur\u00e9e de lecture estim\u00e9e\" \/>\n\t<meta name=\"twitter:data1\" content=\"1 minute\" \/>\n<script type=\"application\/ld+json\" class=\"yoast-schema-graph\">{\"@context\":\"https:\\\/\\\/schema.org\",\"@graph\":[{\"@type\":\"WebPage\",\"@id\":\"https:\\\/\\\/toussitrail.fr\\\/index.php\\\/contact\\\/\",\"url\":\"https:\\\/\\\/toussitrail.fr\\\/index.php\\\/contact\\\/\",\"name\":\"Contact - TSL\",\"isPartOf\":{\"@id\":\"https:\\\/\\\/toussitrail.fr\\\/#website\"},\"primaryImageOfPage\":{\"@id\":\"https:\\\/\\\/toussitrail.fr\\\/index.php\\\/contact\\\/#primaryimage\"},\"image\":{\"@id\":\"https:\\\/\\\/toussitrail.fr\\\/index.php\\\/contact\\\/#primaryimage\"},\"thumbnailUrl\":\"https:\\\/\\\/toussitrail.fr\\\/wp-content\\\/uploads\\\/2025\\\/05\\\/toussitrail_logo_v2_couleur.png\",\"datePublished\":\"2025-04-15T13:35:12+00:00\",\"dateModified\":\"2025-08-26T17:20:43+00:00\",\"description\":\"Contactez Toussieux Sports et Loisirs pour toute information : inscription course, devenir b\u00e9n\u00e9vole, suggestion...\",\"breadcrumb\":{\"@id\":\"https:\\\/\\\/toussitrail.fr\\\/index.php\\\/contact\\\/#breadcrumb\"},\"inLanguage\":\"fr-FR\",\"potentialAction\":[{\"@type\":\"ReadAction\",\"target\":[\"https:\\\/\\\/toussitrail.fr\\\/index.php\\\/contact\\\/\"]}]},{\"@type\":\"ImageObject\",\"inLanguage\":\"fr-FR\",\"@id\":\"https:\\\/\\\/toussitrail.fr\\\/index.php\\\/contact\\\/#primaryimage\",\"url\":\"https:\\\/\\\/toussitrail.fr\\\/wp-content\\\/uploads\\\/2025\\\/05\\\/toussitrail_logo_v2_couleur.png\",\"contentUrl\":\"https:\\\/\\\/toussitrail.fr\\\/wp-content\\\/uploads\\\/2025\\\/05\\\/toussitrail_logo_v2_couleur.png\",\"width\":355,\"height\":374},{\"@type\":\"BreadcrumbList\",\"@id\":\"https:\\\/\\\/toussitrail.fr\\\/index.php\\\/contact\\\/#breadcrumb\",\"itemListElement\":[{\"@type\":\"ListItem\",\"position\":1,\"name\":\"Accueil\",\"item\":\"https:\\\/\\\/toussitrail.fr\\\/\"},{\"@type\":\"ListItem\",\"position\":2,\"name\":\"Contact\"}]},{\"@type\":\"WebSite\",\"@id\":\"https:\\\/\\\/toussitrail.fr\\\/#website\",\"url\":\"https:\\\/\\\/toussitrail.fr\\\/\",\"name\":\"Toussi'Trail\",\"description\":\"Logo Toussi&#039;Trail\",\"publisher\":{\"@id\":\"https:\\\/\\\/toussitrail.fr\\\/#organization\"},\"potentialAction\":[{\"@type\":\"SearchAction\",\"target\":{\"@type\":\"EntryPoint\",\"urlTemplate\":\"https:\\\/\\\/toussitrail.fr\\\/?s={search_term_string}\"},\"query-input\":{\"@type\":\"PropertyValueSpecification\",\"valueRequired\":true,\"valueName\":\"search_term_string\"}}],\"inLanguage\":\"fr-FR\"},{\"@type\":\"Organization\",\"@id\":\"https:\\\/\\\/toussitrail.fr\\\/#organization\",\"name\":\"TSL Toussieux Sports et Loisirs\",\"url\":\"https:\\\/\\\/toussitrail.fr\\\/\",\"logo\":{\"@type\":\"ImageObject\",\"inLanguage\":\"fr-FR\",\"@id\":\"https:\\\/\\\/toussitrail.fr\\\/#\\\/schema\\\/logo\\\/image\\\/\",\"url\":\"https:\\\/\\\/toussitrail.fr\\\/wp-content\\\/uploads\\\/2025\\\/05\\\/toussitrail_logo_v2_couleur.png\",\"contentUrl\":\"https:\\\/\\\/toussitrail.fr\\\/wp-content\\\/uploads\\\/2025\\\/05\\\/toussitrail_logo_v2_couleur.png\",\"width\":355,\"height\":374,\"caption\":\"TSL Toussieux Sports et Loisirs\"},\"image\":{\"@id\":\"https:\\\/\\\/toussitrail.fr\\\/#\\\/schema\\\/logo\\\/image\\\/\"},\"sameAs\":[\"https:\\\/\\\/www.facebook.com\\\/toussitrail\\\/?locale=fr_FR\",\"https:\\\/\\\/www.instagram.com\\\/toussitrail\\\/?igsh=MTZlaG95MzlxaWxoZA#\"]}]}<\/script>\n<!-- \/ Yoast SEO plugin. -->","yoast_head_json":{"title":"Contact - TSL","description":"Contactez Toussieux Sports et Loisirs pour toute information : inscription course, devenir b\u00e9n\u00e9vole, suggestion...","robots":{"index":"index","follow":"follow","max-snippet":"max-snippet:-1","max-image-preview":"max-image-preview:large","max-video-preview":"max-video-preview:-1"},"canonical":"https:\/\/toussitrail.fr\/index.php\/contact\/","og_locale":"fr_FR","og_type":"article","og_title":"Contact - TSL","og_description":"Contactez Toussieux Sports et Loisirs pour toute information : inscription course, devenir b\u00e9n\u00e9vole, suggestion...","og_url":"https:\/\/toussitrail.fr\/index.php\/contact\/","og_site_name":"TSL","article_publisher":"https:\/\/www.facebook.com\/toussitrail\/?locale=fr_FR","article_modified_time":"2025-08-26T17:20:43+00:00","og_image":[{"width":355,"height":374,"url":"https:\/\/toussitrail.fr\/wp-content\/uploads\/2025\/05\/toussitrail_logo_v2_couleur.png","type":"image\/png"}],"twitter_card":"summary_large_image","twitter_misc":{"Dur\u00e9e de lecture estim\u00e9e":"1 minute"},"schema":{"@context":"https:\/\/schema.org","@graph":[{"@type":"WebPage","@id":"https:\/\/toussitrail.fr\/index.php\/contact\/","url":"https:\/\/toussitrail.fr\/index.php\/contact\/","name":"Contact - TSL","isPartOf":{"@id":"https:\/\/toussitrail.fr\/#website"},"primaryImageOfPage":{"@id":"https:\/\/toussitrail.fr\/index.php\/contact\/#primaryimage"},"image":{"@id":"https:\/\/toussitrail.fr\/index.php\/contact\/#primaryimage"},"thumbnailUrl":"https:\/\/toussitrail.fr\/wp-content\/uploads\/2025\/05\/toussitrail_logo_v2_couleur.png","datePublished":"2025-04-15T13:35:12+00:00","dateModified":"2025-08-26T17:20:43+00:00","description":"Contactez Toussieux Sports et Loisirs pour toute information : inscription course, devenir b\u00e9n\u00e9vole, suggestion...","breadcrumb":{"@id":"https:\/\/toussitrail.fr\/index.php\/contact\/#breadcrumb"},"inLanguage":"fr-FR","potentialAction":[{"@type":"ReadAction","target":["https:\/\/toussitrail.fr\/index.php\/contact\/"]}]},{"@type":"ImageObject","inLanguage":"fr-FR","@id":"https:\/\/toussitrail.fr\/index.php\/contact\/#primaryimage","url":"https:\/\/toussitrail.fr\/wp-content\/uploads\/2025\/05\/toussitrail_logo_v2_couleur.png","contentUrl":"https:\/\/toussitrail.fr\/wp-content\/uploads\/2025\/05\/toussitrail_logo_v2_couleur.png","width":355,"height":374},{"@type":"BreadcrumbList","@id":"https:\/\/toussitrail.fr\/index.php\/contact\/#breadcrumb","itemListElement":[{"@type":"ListItem","position":1,"name":"Accueil","item":"https:\/\/toussitrail.fr\/"},{"@type":"ListItem","position":2,"name":"Contact"}]},{"@type":"WebSite","@id":"https:\/\/toussitrail.fr\/#website","url":"https:\/\/toussitrail.fr\/","name":"Toussi'Trail","description":"Logo Toussi&#039;Trail","publisher":{"@id":"https:\/\/toussitrail.fr\/#organization"},"potentialAction":[{"@type":"SearchAction","target":{"@type":"EntryPoint","urlTemplate":"https:\/\/toussitrail.fr\/?s={search_term_string}"},"query-input":{"@type":"PropertyValueSpecification","valueRequired":true,"valueName":"search_term_string"}}],"inLanguage":"fr-FR"},{"@type":"Organization","@id":"https:\/\/toussitrail.fr\/#organization","name":"TSL Toussieux Sports et Loisirs","url":"https:\/\/toussitrail.fr\/","logo":{"@type":"ImageObject","inLanguage":"fr-FR","@id":"https:\/\/toussitrail.fr\/#\/schema\/logo\/image\/","url":"https:\/\/toussitrail.fr\/wp-content\/uploads\/2025\/05\/toussitrail_logo_v2_couleur.png","contentUrl":"https:\/\/toussitrail.fr\/wp-content\/uploads\/2025\/05\/toussitrail_logo_v2_couleur.png","width":355,"height":374,"caption":"TSL Toussieux Sports et Loisirs"},"image":{"@id":"https:\/\/toussitrail.fr\/#\/schema\/logo\/image\/"},"sameAs":["https:\/\/www.facebook.com\/toussitrail\/?locale=fr_FR","https:\/\/www.instagram.com\/toussitrail\/?igsh=MTZlaG95MzlxaWxoZA#"]}]}},"_links":{"self":[{"href":"https:\/\/toussitrail.fr\/index.php\/wp-json\/wp\/v2\/pages\/532","targetHints":{"allow":["GET"]}}],"collection":[{"href":"https:\/\/toussitrail.fr\/index.php\/wp-json\/wp\/v2\/pages"}],"about":[{"href":"https:\/\/toussitrail.fr\/index.php\/wp-json\/wp\/v2\/types\/page"}],"author":[{"embeddable":true,"href":"https:\/\/toussitrail.fr\/index.php\/wp-json\/wp\/v2\/users\/1"}],"replies":[{"embeddable":true,"href":"https:\/\/toussitrail.fr\/index.php\/wp-json\/wp\/v2\/comments?post=532"}],"version-history":[{"count":36,"href":"https:\/\/toussitrail.fr\/index.php\/wp-json\/wp\/v2\/pages\/532\/revisions"}],"predecessor-version":[{"id":1502,"href":"https:\/\/toussitrail.fr\/index.php\/wp-json\/wp\/v2\/pages\/532\/revisions\/1502"}],"wp:featuredmedia":[{"embeddable":true,"href":"https:\/\/toussitrail.fr\/index.php\/wp-json\/wp\/v2\/media\/853"}],"wp:attachment":[{"href":"https:\/\/toussitrail.fr\/index.php\/wp-json\/wp\/v2\/media?parent=532"}],"curies":[{"name":"wp","href":"https:\/\/api.w.org\/{rel}","templated":true}]}}